{"id":65,"date":"2026-03-01T18:40:48","date_gmt":"2026-03-01T18:40:48","guid":{"rendered":"https:\/\/danielcaballero.fpcei.eu\/?page_id=65"},"modified":"2026-03-01T18:54:00","modified_gmt":"2026-03-01T18:54:00","slug":"audemars-piguet-el-arte-de-romper-las-reglas","status":"publish","type":"page","link":"https:\/\/danielcaballero.fpcei.eu\/?page_id=65","title":{"rendered":"AUDEMARS PIGUET: EL ARTE DE ROMPER LAS REGLAS"},"content":{"rendered":"\n<figure class=\"wp-block-image size-large\"><img loading=\"lazy\" decoding=\"async\" width=\"1024\" height=\"282\" src=\"https:\/\/danielcaballero.fpcei.eu\/wp-content\/uploads\/2026\/03\/image-1-1024x282.png\" alt=\"\" class=\"wp-image-66\" srcset=\"https:\/\/danielcaballero.fpcei.eu\/wp-content\/uploads\/2026\/03\/image-1-1024x282.png 1024w, https:\/\/danielcaballero.fpcei.eu\/wp-content\/uploads\/2026\/03\/image-1-300x83.png 300w, https:\/\/danielcaballero.fpcei.eu\/wp-content\/uploads\/2026\/03\/image-1-768x211.png 768w, https:\/\/danielcaballero.fpcei.eu\/wp-content\/uploads\/2026\/03\/image-1-1536x423.png 1536w, https:\/\/danielcaballero.fpcei.eu\/wp-content\/uploads\/2026\/03\/image-1-2048x564.png 2048w\" sizes=\"auto, (max-width: 1024px) 100vw, 1024px\" \/><\/figure>\n\n\n\n<p>Fundada en <strong>1875<\/strong> en el coraz\u00f3n del Valle de Joux, Suiza, <strong>Audemars Piguet<\/strong> es una de las pocas manufacturas de alta relojer\u00eda que a\u00fan permanece en manos de las familias fundadoras. Esta independencia les ha permitido trazar un camino \u00fanico, fusionando la tradici\u00f3n ancestral con una audacia vanguardista que desaf\u00eda las convenciones del sector.<\/p>\n\n\n\n<h3 class=\"wp-block-heading\">La Revoluci\u00f3n del Acero<\/h3>\n\n\n\n<p>La firma cambi\u00f3 el rumbo de la relojer\u00eda moderna en 1972 con el lanzamiento del <strong>Royal Oak<\/strong>. En una era donde el oro era el est\u00e1ndar del lujo, Audemars Piguet present\u00f3 el primer reloj de lujo deportivo fabricado en acero, dise\u00f1ado por el legendario G\u00e9rald Genta. Con su ic\u00f3nico bisel octogonal y tornillos hexagonales expuestos, este modelo se convirti\u00f3 en un icono instant\u00e1neo de rebeld\u00eda y sofisticaci\u00f3n.<\/p>\n\n\n\n<h3 class=\"wp-block-heading\">Maestr\u00eda y Complicaci\u00f3n<\/h3>\n\n\n\n<p>M\u00e1s all\u00e1 de sus dise\u00f1os ic\u00f3nicos, la manufactura es reconocida por su dominio de las <strong>complicaciones relojeras<\/strong>:<\/p>\n\n\n\n<ul class=\"wp-block-list\">\n<li><strong>Calendarios perpetuos<\/strong> de precisi\u00f3n asombrosa.<\/li>\n\n\n\n<li><strong>Repetici\u00f3n de minutos<\/strong>, elevando el sonido a una forma de arte.<\/li>\n\n\n\n<li><strong>Tourbillons<\/strong> que desaf\u00edan la gravedad con una est\u00e9tica contempor\u00e1nea.<\/li>\n<\/ul>\n\n\n\n<p>Cada pieza de Audemars Piguet no es solo un instrumento para medir el tiempo; es una obra maestra de ingenier\u00eda y dise\u00f1o, creada para aquellos que no solo siguen las reglas, sino que se atreven a cuestionarlas.<\/p>\n","protected":false},"excerpt":{"rendered":"<p>Fundada en 1875 en el coraz\u00f3n del Valle de Joux, Suiza, Audemars Piguet es una de las pocas manufacturas de alta relojer\u00eda que a\u00fan permanece en manos de las familias fundadoras. Esta independencia les ha permitido trazar un camino \u00fanico, fusionando la tradici\u00f3n ancestral con una audacia vanguardista que desaf\u00eda las convenciones del sector. La [&hellip;]<\/p>\n","protected":false},"author":2,"featured_media":0,"parent":0,"menu_order":0,"comment_status":"closed","ping_status":"closed","template":"","meta":{"footnotes":""},"class_list":["post-65","page","type-page","status-publish","hentry"],"_links":{"self":[{"href":"https:\/\/danielcaballero.fpcei.eu\/index.php?rest_route=\/wp\/v2\/pages\/65","targetHints":{"allow":["GET"]}}],"collection":[{"href":"https:\/\/danielcaballero.fpcei.eu\/index.php?rest_route=\/wp\/v2\/pages"}],"about":[{"href":"https:\/\/danielcaballero.fpcei.eu\/index.php?rest_route=\/wp\/v2\/types\/page"}],"author":[{"embeddable":true,"href":"https:\/\/danielcaballero.fpcei.eu\/index.php?rest_route=\/wp\/v2\/users\/2"}],"replies":[{"embeddable":true,"href":"https:\/\/danielcaballero.fpcei.eu\/index.php?rest_route=%2Fwp%2Fv2%2Fcomments&post=65"}],"version-history":[{"count":3,"href":"https:\/\/danielcaballero.fpcei.eu\/index.php?rest_route=\/wp\/v2\/pages\/65\/revisions"}],"predecessor-version":[{"id":84,"href":"https:\/\/danielcaballero.fpcei.eu\/index.php?rest_route=\/wp\/v2\/pages\/65\/revisions\/84"}],"wp:attachment":[{"href":"https:\/\/danielcaballero.fpcei.eu\/index.php?rest_route=%2Fwp%2Fv2%2Fmedia&parent=65"}],"curies":[{"name":"wp","href":"https:\/\/api.w.org\/{rel}","templated":true}]}}